{"id":11,"date":"2024-08-23T16:12:58","date_gmt":"2024-08-23T14:12:58","guid":{"rendered":"https:\/\/www.xn--anglique-sophrothrapie-d8bo.fr\/?page_id=11"},"modified":"2024-09-03T16:03:45","modified_gmt":"2024-09-03T14:03:45","slug":"et-les-enfants-ados-alors","status":"publish","type":"page","link":"https:\/\/www.xn--anglique-sophrothrapie-d8bo.fr\/index.php\/et-les-enfants-ados-alors\/","title":{"rendered":"Et les enfants\/ados alors ?"},"content":{"rendered":"\t\t<div data-elementor-type=\"wp-page\" data-elementor-id=\"11\" class=\"elementor elementor-11\">\n\t\t\t\t<div class=\"elementor-element elementor-element-fa85023 e-flex e-con-boxed e-con e-parent\" data-id=\"fa85023\" data-element_type=\"container\">\n\t\t\t\t\t<div class=\"e-con-inner\">\n\t\t\t\t<div class=\"elementor-element elementor-element-52e2b9f elementor-widget elementor-widget-text-editor\" data-id=\"52e2b9f\" data-element_type=\"widget\" data-widget_type=\"text-editor.default\">\n\t\t\t\t<div class=\"elementor-widget-container\">\n\t\t\t<style>\/*! elementor - v3.23.0 - 05-08-2024 *\/\n.elementor-widget-text-editor.elementor-drop-cap-view-stacked .elementor-drop-cap{background-color:#69727d;color:#fff}.elementor-widget-text-editor.elementor-drop-cap-view-framed .elementor-drop-cap{color:#69727d;border:3px solid;background-color:transparent}.elementor-widget-text-editor:not(.elementor-drop-cap-view-default) .elementor-drop-cap{margin-top:8px}.elementor-widget-text-editor:not(.elementor-drop-cap-view-default) .elementor-drop-cap-letter{width:1em;height:1em}.elementor-widget-text-editor .elementor-drop-cap{float:left;text-align:center;line-height:1;font-size:50px}.elementor-widget-text-editor .elementor-drop-cap-letter{display:inline-block}<\/style>\t\t\t\t<p>Ang\u00e9lique Labeille \u2013 Sophrologie et Psychoth\u00e9rapie pour les enfants, adolescents et leurs parents \u00e0 Mont\u00e9limar 26 et ses alentours<\/p>\t\t\t\t\t\t<\/div>\n\t\t\t\t<\/div>\n\t\t\t\t\t<\/div>\n\t\t\t\t<\/div>\n\t\t<div class=\"elementor-element elementor-element-e4fd041 e-flex e-con-boxed e-con e-parent\" data-id=\"e4fd041\" data-element_type=\"container\">\n\t\t\t\t\t<div class=\"e-con-inner\">\n\t\t\t\t<div class=\"elementor-element elementor-element-00e6d0a elementor-widget elementor-widget-text-editor\" data-id=\"00e6d0a\" data-element_type=\"widget\" data-widget_type=\"text-editor.default\">\n\t\t\t\t<div class=\"elementor-widget-container\">\n\t\t\t\t\t\t\t<p><strong>Le sch\u00e9ma corporel de l&rsquo;enfant et adolescent est en constante \u00e9volution et apprendre \u00e0 s&rsquo;identifier, g\u00e9rer ses \u00e9motions, d\u00e9velopper son autonomie, construire sa confiance en soi et son estime de soi n&rsquo;est pas toujours ais\u00e9.<\/strong><\/p>\n<p>Je vous propose des s\u00e9ances d\u2019exercices psychocorporels et de sophrologie dans mon cabinet avec vos enfants pour les aider \u00e0 acqu\u00e9rir autonomie, d\u00e9tente, meilleure estime d\u2019eux-m\u00eames et confiance en eux.<\/p>\n<p>La sophrologie ou la psychoth\u00e9rapie pour les jeunes enfants s\u2019adaptent \u00e0 eux par une approche plus ludique qui fait appel \u00e0 leur imagination en s\u2019alliant d\u2019outils divers tel que le jeu, la respiration et diff\u00e9rents mouvements pour aller vers le mieux \u00eatre avec leur corps.<\/p>\n<p>Comme chez l\u2019adulte, diverses manifestations peuvent appara\u00eetre pour montrer leur stress, leur angoisse et leurs difficult\u00e9s. Col\u00e8res, \u00e9nervements, fatigues, d\u00e9sengagements de l\u2019\u00e9cole, changements d\u2019humeur, \u00e9nur\u00e9sie, \u2026 sont alors des signes qu\u2019il ne faut pas n\u00e9gliger.<\/p>\n<p>La premi\u00e8re s\u00e9ance avec les enfants s\u2019effectue avec les parents afin de faire connaissance et d\u2019installer une relation de confiance pour tous.<\/p>\n<p>Lors des s\u00e9ances suivantes, je recevrai votre enfant seul puis avec vous en fin de s\u00e9ance si besoin.<\/p>\n<p>Le temps des s\u00e9ances enfants est adapt\u00e9 en fonction de l\u2019\u00e2ge et des possibilit\u00e9s de l\u2019enfant.<\/p>\n<p>Je suis \u00e0 votre disposition par t\u00e9l\u00e9phone ou par message pour tout questionnement que vous pourriez avoir sur le suivi du jeune enfant que je propose.<\/p>\n<p><\/p>\t\t\t\t\t\t<\/div>\n\t\t\t\t<\/div>\n\t\t\t\t<div class=\"elementor-element elementor-element-1aa37ca elementor-align-right elementor-widget elementor-widget-button\" data-id=\"1aa37ca\" data-element_type=\"widget\" data-widget_type=\"button.default\">\n\t\t\t\t<div class=\"elementor-widget-container\">\n\t\t\t\t\t<div class=\"elementor-button-wrapper\">\n\t\t\t<a class=\"elementor-button elementor-button-link elementor-size-sm\" href=\"https:\/\/www.xn--anglique-sophrothrapie-d8bo.fr\/index.php\/contact\/\">\n\t\t\t\t\t\t<span class=\"elementor-button-content-wrapper\">\n\t\t\t\t\t\t\t\t\t<span class=\"elementor-button-text\">Contact<\/span>\n\t\t\t\t\t<\/span>\n\t\t\t\t\t<\/a>\n\t\t<\/div>\n\t\t\t\t<\/div>\n\t\t\t\t<\/div>\n\t\t<div class=\"elementor-element elementor-element-243dd3f e-con-full e-flex e-con e-child\" data-id=\"243dd3f\" data-element_type=\"container\">\n\t\t\t\t<div class=\"elementor-element elementor-element-860e8e9 elementor-widget elementor-widget-text-editor\" data-id=\"860e8e9\" data-element_type=\"widget\" data-widget_type=\"text-editor.default\">\n\t\t\t\t<div class=\"elementor-widget-container\">\n\t\t\t\t\t\t\t<p>Le suivi de l&rsquo;adolescent s&rsquo;adapte \u00e0 son \u00e2ge, sa difficult\u00e9 et la particularit\u00e9 que pr\u00e9sente ce moment de vie.<\/p><p>Gestion des \u00e9motions, anxi\u00e9t\u00e9, difficult\u00e9s avec les adultes et les jeunes de son \u00e2ge, difficult\u00e9s scolaires, sentiment d\u2019\u00eatre incompris, approche de la sexualit\u00e9, sensibilit\u00e9 accrue, gestion de l\u2019alimentation, addictions, ou encore stress avant un examen, manque de confiance en soi \u2026 sont autant de sujets que nous pourrons voir ensemble.<\/p><p>\u00a0<\/p><p><strong>Adolescents, je vous re\u00e7ois dans mon cabinet qui sera un endroit neutre et bienveillant o\u00f9 tout pourra \u00eatre exprim\u00e9 et discut\u00e9<\/strong><\/p>\t\t\t\t\t\t<\/div>\n\t\t\t\t<\/div>\n\t\t\t\t<\/div>\n\t\t\t\t<div class=\"elementor-element elementor-element-0ceefc6 elementor-widget elementor-widget-heading\" data-id=\"0ceefc6\" data-element_type=\"widget\" data-widget_type=\"heading.default\">\n\t\t\t\t<div class=\"elementor-widget-container\">\n\t\t\t<style>\/*! elementor - v3.23.0 - 05-08-2024 *\/\n.elementor-heading-title{padding:0;margin:0;line-height:1}.elementor-widget-heading .elementor-heading-title[class*=elementor-size-]>a{color:inherit;font-size:inherit;line-height:inherit}.elementor-widget-heading .elementor-heading-title.elementor-size-small{font-size:15px}.elementor-widget-heading .elementor-heading-title.elementor-size-medium{font-size:19px}.elementor-widget-heading .elementor-heading-title.elementor-size-large{font-size:29px}.elementor-widget-heading .elementor-heading-title.elementor-size-xl{font-size:39px}.elementor-widget-heading .elementor-heading-title.elementor-size-xxl{font-size:59px}<\/style><h2 class=\"elementor-heading-title elementor-size-default\">PARENTS VOTRE ACCOMPAGNEMENT VERS UNE PARENTALITE PLUS SEREINE\n<\/h2>\t\t<\/div>\n\t\t\t\t<\/div>\n\t\t\t\t\t<\/div>\n\t\t\t\t<\/div>\n\t\t<div class=\"elementor-element elementor-element-39eb598 e-flex e-con-boxed e-con e-parent\" data-id=\"39eb598\" data-element_type=\"container\">\n\t\t\t\t\t<div class=\"e-con-inner\">\n\t\t\t\t<div class=\"elementor-element elementor-element-514ab7b elementor-widget elementor-widget-text-editor\" data-id=\"514ab7b\" data-element_type=\"widget\" data-widget_type=\"text-editor.default\">\n\t\t\t\t<div class=\"elementor-widget-container\">\n\t\t\t\t\t\t\t<p><b>Parents, parfois, voire m\u00eame souvent, envisager les difficult\u00e9s de nos enfants passe par un accompagnement d&rsquo;aide \u00e0 la parentalit\u00e9.<\/b><\/p><p>Le monde bouge, le monde \u00e9volue et l\u2019approche de la parentalit\u00e9 aussi.<\/p><p>Nous pouvons, souvent, en tant que parents, nous sentir d\u00e9pass\u00e9s, voire d\u00e9sabus\u00e9s et il n\u2019est pas toujours facile de r\u00e9pondre, entourer, encourager nos jeunes sans laisser nos propres valeurs et croyances empi\u00e9ter.<\/p><p>Prendre votre parentalit\u00e9 en mains en se faisant accompagner c\u2019est faire un cadeau aussi bien pour vous-m\u00eame que pour le reste de la famille.<\/p><p>En effet, comme le disait si bien Fran\u00e7oise Dolto\u00a0: <b><i>\u00ab En naissant un enfant transforme deux adultes en parents.\u00a0\u00bb. <\/i><\/b><\/p><p>De d\u00e9couvertes en d\u00e9couvertes, le parent devient un bel accompagnateur de son enfant vers l\u2019\u00e9veil et l\u2019\u00e9quilibre qui m\u00e8nent \u00e0 grandir au mieux.<\/p><p>Il n\u2019est toutefois pas toujours facile de passer certaines \u00e9tapes de leur \u00e9volution.<\/p><p>Je peux vous accompagner dans ces difficult\u00e9s, prenez rendez-vous avec moi.<\/p><p>Je peux \u00e9galement vous proposer des s\u00e9ances DUO parent\/enfant en sophrologie, contactez-moi.<\/p>\t\t\t\t\t\t<\/div>\n\t\t\t\t<\/div>\n\t\t\t\t\t<\/div>\n\t\t\t\t<\/div>\n\t\t<div class=\"elementor-element elementor-element-293fdb7 e-flex e-con-boxed e-con e-parent\" data-id=\"293fdb7\" data-element_type=\"container\">\n\t\t\t\t\t<div class=\"e-con-inner\">\n\t\t\t\t<div class=\"elementor-element elementor-element-67bb900 elementor-align-right elementor-widget elementor-widget-button\" data-id=\"67bb900\" data-element_type=\"widget\" data-widget_type=\"button.default\">\n\t\t\t\t<div class=\"elementor-widget-container\">\n\t\t\t\t\t<div class=\"elementor-button-wrapper\">\n\t\t\t<a class=\"elementor-button elementor-button-link elementor-size-sm\" href=\"https:\/\/www.resalib.fr\/praticien\/93597-angelique-labeille-sophrologue-sauzet\" target=\"_blank\">\n\t\t\t\t\t\t<span class=\"elementor-button-content-wrapper\">\n\t\t\t\t\t\t\t\t\t<span class=\"elementor-button-text\">Prendre RDV<\/span>\n\t\t\t\t\t<\/span>\n\t\t\t\t\t<\/a>\n\t\t<\/div>\n\t\t\t\t<\/div>\n\t\t\t\t<\/div>\n\t\t\t\t\t<\/div>\n\t\t\t\t<\/div>\n\t\t<div class=\"elementor-element elementor-element-4c4ed01 e-flex e-con-boxed e-con e-parent\" data-id=\"4c4ed01\" data-element_type=\"container\">\n\t\t\t\t\t<div class=\"e-con-inner\">\n\t\t\t\t<div class=\"elementor-element elementor-element-fb33dbf elementor-widget elementor-widget-text-editor\" data-id=\"fb33dbf\" data-element_type=\"widget\" data-widget_type=\"text-editor.default\">\n\t\t\t\t<div class=\"elementor-widget-container\">\n\t\t\t\t\t\t\t<p><b>PARENTALITE ET ADOLESCENCE<\/b><\/p>\n<p>L&rsquo;adolescence est une p\u00e9riode merveilleuse et \u00e0 la fois compliqu\u00e9e, travers\u00e9e par les enfants et les parents.<\/p>\n<p>Le jeune a le double objectif de devenir lui-m\u00eame en trouvant sa propre identit\u00e9 et de passer le cap de l&rsquo;autonomie.<\/p>\n<p>Cela plonge souvent l&rsquo;adolescent dans une position conflictuelle qui se manifeste alors par un r\u00e9am\u00e9nagement, parfois spectaculaire, de la relation avec ses parents.<\/p>\n<p>Les parents, de leur c\u00f4t\u00e9 se retrouvent d\u00e9sarm\u00e9s face \u00e0 ce tsunami \u00e9motionnel qui envahit la maison et peuvent avoir besoin d&rsquo;aide dans l&rsquo;approche et la compr\u00e9hension de ce qui se passe psychologiquement \u00e0 cette p\u00e9riode pour leur adolescent, comme pour eux-m\u00eames.<\/p>\n<p>Comme il n&rsquo;est pas toujours facile de trouver sa juste place de parent, n&rsquo;h\u00e9sitez pas \u00e0 venir me voir pour un accompagnement de votre <b>\u00ab\u00a0adoparentalit\u00e9\u00a0\u00bb<\/b>.<\/p>\n<p>En effet, mieux comprendre nos adolescents nous permet d&rsquo;ajuster notre relation avec eux et de trouver des solutions qui nous paraissent impossibles \u00e0 trouver de prime abord.<\/p>\n<p><b>Soyez convaincu que votre accompagnement aura un effet \u00ab\u00a0par ricochet\u00a0\u00bb sur votre adolescent.<\/b><\/p>\n<p><\/p>\t\t\t\t\t\t<\/div>\n\t\t\t\t<\/div>\n\t\t\t\t\t<\/div>\n\t\t\t\t<\/div>\n\t\t<div class=\"elementor-element elementor-element-4366f52 e-flex e-con-boxed e-con e-parent\" data-id=\"4366f52\" data-element_type=\"container\">\n\t\t\t\t\t<div class=\"e-con-inner\">\n\t\t\t\t<div class=\"elementor-element elementor-element-0f5b55d elementor-widget elementor-widget-text-editor\" data-id=\"0f5b55d\" data-element_type=\"widget\" data-widget_type=\"text-editor.default\">\n\t\t\t\t<div class=\"elementor-widget-container\">\n\t\t\t\t\t\t\t<p>La\u00a0magnifique ardeur et l\u2019enthousiasme de l\u2019\u00e2ge adolescent m\u00e8ne petit \u00e0 petit jusqu\u2019\u00e0 la vie d\u2019adulte.<\/p>\t\t\t\t\t\t<\/div>\n\t\t\t\t<\/div>\n\t\t\t\t\t<\/div>\n\t\t\t\t<\/div>\n\t\t\t\t<\/div>\n\t\t","protected":false},"excerpt":{"rendered":"<p>Ang\u00e9lique Labeille \u2013 Sophrologie et Psychoth\u00e9rapie pour les enfants, adolescents et leurs parents \u00e0 Mont\u00e9limar 26 et ses alentours Le sch\u00e9ma corporel de l&rsquo;enfant et adolescent est en constante \u00e9volution et apprendre \u00e0 s&rsquo;identifier, g\u00e9rer ses \u00e9motions, d\u00e9velopper son autonomie, construire sa confiance en soi et son estime de soi n&rsquo;est pas toujours ais\u00e9. Je [&hellip;]<\/p>\n","protected":false},"author":1,"featured_media":0,"parent":0,"menu_order":0,"comment_status":"closed","ping_status":"closed","template":"","meta":{"ocean_post_layout":"","ocean_both_sidebars_style":"","ocean_both_sidebars_content_width":0,"ocean_both_sidebars_sidebars_width":0,"ocean_sidebar":"","ocean_second_sidebar":"","ocean_disable_margins":"enable","ocean_add_body_class":"","ocean_shortcode_before_top_bar":"","ocean_shortcode_after_top_bar":"","ocean_shortcode_before_header":"","ocean_shortcode_after_header":"","ocean_has_shortcode":"","ocean_shortcode_after_title":"","ocean_shortcode_before_footer_widgets":"","ocean_shortcode_after_footer_widgets":"","ocean_shortcode_before_footer_bottom":"","ocean_shortcode_after_footer_bottom":"","ocean_display_top_bar":"default","ocean_display_header":"default","ocean_header_style":"","ocean_center_header_left_menu":"","ocean_custom_header_template":"","ocean_custom_logo":0,"ocean_custom_retina_logo":0,"ocean_custom_logo_max_width":0,"ocean_custom_logo_tablet_max_width":0,"ocean_custom_logo_mobile_max_width":0,"ocean_custom_logo_max_height":0,"ocean_custom_logo_tablet_max_height":0,"ocean_custom_logo_mobile_max_height":0,"ocean_header_custom_menu":"","ocean_menu_typo_font_family":"","ocean_menu_typo_font_subset":"","ocean_menu_typo_font_size":0,"ocean_menu_typo_font_size_tablet":0,"ocean_menu_typo_font_size_mobile":0,"ocean_menu_typo_font_size_unit":"px","ocean_menu_typo_font_weight":"","ocean_menu_typo_font_weight_tablet":"","ocean_menu_typo_font_weight_mobile":"","ocean_menu_typo_transform":"","ocean_menu_typo_transform_tablet":"","ocean_menu_typo_transform_mobile":"","ocean_menu_typo_line_height":0,"ocean_menu_typo_line_height_tablet":0,"ocean_menu_typo_line_height_mobile":0,"ocean_menu_typo_line_height_unit":"","ocean_menu_typo_spacing":0,"ocean_menu_typo_spacing_tablet":0,"ocean_menu_typo_spacing_mobile":0,"ocean_menu_typo_spacing_unit":"","ocean_menu_link_color":"","ocean_menu_link_color_hover":"","ocean_menu_link_color_active":"","ocean_menu_link_background":"","ocean_menu_link_hover_background":"","ocean_menu_link_active_background":"","ocean_menu_social_links_bg":"","ocean_menu_social_hover_links_bg":"","ocean_menu_social_links_color":"","ocean_menu_social_hover_links_color":"","ocean_disable_title":"default","ocean_disable_heading":"default","ocean_post_title":"","ocean_post_subheading":"","ocean_post_title_style":"","ocean_post_title_background_color":"","ocean_post_title_background":0,"ocean_post_title_bg_image_position":"","ocean_post_title_bg_image_attachment":"","ocean_post_title_bg_image_repeat":"","ocean_post_title_bg_image_size":"","ocean_post_title_height":0,"ocean_post_title_bg_overlay":0.5,"ocean_post_title_bg_overlay_color":"","ocean_disable_breadcrumbs":"default","ocean_breadcrumbs_color":"","ocean_breadcrumbs_separator_color":"","ocean_breadcrumbs_links_color":"","ocean_breadcrumbs_links_hover_color":"","ocean_display_footer_widgets":"default","ocean_display_footer_bottom":"default","ocean_custom_footer_template":"","footnotes":""},"class_list":["post-11","page","type-page","status-publish","hentry","entry"],"yoast_head":"<!-- This site is optimized with the Yoast SEO plugin v23.3 - https:\/\/yoast.com\/wordpress\/plugins\/seo\/ -->\n<title>Et les enfants\/ados alors ? - ANGELIQUE LABEILLE<\/title>\n<meta name=\"robots\" content=\"index, follow, max-snippet:-1, max-image-preview:large, max-video-preview:-1\" \/>\n<link rel=\"canonical\" href=\"https:\/\/www.xn--anglique-sophrothrapie-d8bo.fr\/index.php\/et-les-enfants-ados-alors\/\" \/>\n<meta property=\"og:locale\" content=\"fr_FR\" \/>\n<meta property=\"og:type\" content=\"article\" \/>\n<meta property=\"og:title\" content=\"Et les enfants\/ados alors ? - ANGELIQUE LABEILLE\" \/>\n<meta property=\"og:description\" content=\"Ang\u00e9lique Labeille \u2013 Sophrologie et Psychoth\u00e9rapie pour les enfants, adolescents et leurs parents \u00e0 Mont\u00e9limar 26 et ses alentours Le sch\u00e9ma corporel de l&rsquo;enfant et adolescent est en constante \u00e9volution et apprendre \u00e0 s&rsquo;identifier, g\u00e9rer ses \u00e9motions, d\u00e9velopper son autonomie, construire sa confiance en soi et son estime de soi n&rsquo;est pas toujours ais\u00e9. Je [&hellip;]\" \/>\n<meta property=\"og:url\" content=\"https:\/\/www.xn--anglique-sophrothrapie-d8bo.fr\/index.php\/et-les-enfants-ados-alors\/\" \/>\n<meta property=\"og:site_name\" content=\"ANGELIQUE LABEILLE\" \/>\n<meta property=\"article:modified_time\" content=\"2024-09-03T14:03:45+00:00\" \/>\n<meta name=\"twitter:card\" content=\"summary_large_image\" \/>\n<meta name=\"twitter:label1\" content=\"Dur\u00e9e de lecture estim\u00e9e\" \/>\n\t<meta name=\"twitter:data1\" content=\"4 minutes\" \/>\n<script type=\"application\/ld+json\" class=\"yoast-schema-graph\">{\"@context\":\"https:\/\/schema.org\",\"@graph\":[{\"@type\":\"WebPage\",\"@id\":\"https:\/\/www.xn--anglique-sophrothrapie-d8bo.fr\/index.php\/et-les-enfants-ados-alors\/\",\"url\":\"https:\/\/www.xn--anglique-sophrothrapie-d8bo.fr\/index.php\/et-les-enfants-ados-alors\/\",\"name\":\"Et les enfants\/ados alors ? - ANGELIQUE LABEILLE\",\"isPartOf\":{\"@id\":\"https:\/\/www.xn--anglique-sophrothrapie-d8bo.fr\/#website\"},\"datePublished\":\"2024-08-23T14:12:58+00:00\",\"dateModified\":\"2024-09-03T14:03:45+00:00\",\"breadcrumb\":{\"@id\":\"https:\/\/www.xn--anglique-sophrothrapie-d8bo.fr\/index.php\/et-les-enfants-ados-alors\/#breadcrumb\"},\"inLanguage\":\"fr-FR\",\"potentialAction\":[{\"@type\":\"ReadAction\",\"target\":[\"https:\/\/www.xn--anglique-sophrothrapie-d8bo.fr\/index.php\/et-les-enfants-ados-alors\/\"]}]},{\"@type\":\"BreadcrumbList\",\"@id\":\"https:\/\/www.xn--anglique-sophrothrapie-d8bo.fr\/index.php\/et-les-enfants-ados-alors\/#breadcrumb\",\"itemListElement\":[{\"@type\":\"ListItem\",\"position\":1,\"name\":\"Accueil\",\"item\":\"https:\/\/www.xn--anglique-sophrothrapie-d8bo.fr\/\"},{\"@type\":\"ListItem\",\"position\":2,\"name\":\"Et les enfants\/ados alors ?\"}]},{\"@type\":\"WebSite\",\"@id\":\"https:\/\/www.xn--anglique-sophrothrapie-d8bo.fr\/#website\",\"url\":\"https:\/\/www.xn--anglique-sophrothrapie-d8bo.fr\/\",\"name\":\"ANGELIQUE LABEILLE\",\"description\":\"Sophrologie et psychoth\u00e9rapie\",\"publisher\":{\"@id\":\"https:\/\/www.xn--anglique-sophrothrapie-d8bo.fr\/#organization\"},\"potentialAction\":[{\"@type\":\"SearchAction\",\"target\":{\"@type\":\"EntryPoint\",\"urlTemplate\":\"https:\/\/www.xn--anglique-sophrothrapie-d8bo.fr\/?s={search_term_string}\"},\"query-input\":\"required name=search_term_string\"}],\"inLanguage\":\"fr-FR\"},{\"@type\":\"Organization\",\"@id\":\"https:\/\/www.xn--anglique-sophrothrapie-d8bo.fr\/#organization\",\"name\":\"ANGELIQUE LABEILLE\",\"url\":\"https:\/\/www.xn--anglique-sophrothrapie-d8bo.fr\/\",\"logo\":{\"@type\":\"ImageObject\",\"inLanguage\":\"fr-FR\",\"@id\":\"https:\/\/www.xn--anglique-sophrothrapie-d8bo.fr\/#\/schema\/logo\/image\/\",\"url\":\"https:\/\/www.xn--anglique-sophrothrapie-d8bo.fr\/wp-content\/uploads\/2024\/10\/cropped-LOGO-A.LA-ANGELIQUE-LABEILLE.png\",\"contentUrl\":\"https:\/\/www.xn--anglique-sophrothrapie-d8bo.fr\/wp-content\/uploads\/2024\/10\/cropped-LOGO-A.LA-ANGELIQUE-LABEILLE.png\",\"width\":500,\"height\":500,\"caption\":\"ANGELIQUE LABEILLE\"},\"image\":{\"@id\":\"https:\/\/www.xn--anglique-sophrothrapie-d8bo.fr\/#\/schema\/logo\/image\/\"}}]}<\/script>\n<!-- \/ Yoast SEO plugin. -->","yoast_head_json":{"title":"Et les enfants\/ados alors ? - ANGELIQUE LABEILLE","robots":{"index":"index","follow":"follow","max-snippet":"max-snippet:-1","max-image-preview":"max-image-preview:large","max-video-preview":"max-video-preview:-1"},"canonical":"https:\/\/www.xn--anglique-sophrothrapie-d8bo.fr\/index.php\/et-les-enfants-ados-alors\/","og_locale":"fr_FR","og_type":"article","og_title":"Et les enfants\/ados alors ? - ANGELIQUE LABEILLE","og_description":"Ang\u00e9lique Labeille \u2013 Sophrologie et Psychoth\u00e9rapie pour les enfants, adolescents et leurs parents \u00e0 Mont\u00e9limar 26 et ses alentours Le sch\u00e9ma corporel de l&rsquo;enfant et adolescent est en constante \u00e9volution et apprendre \u00e0 s&rsquo;identifier, g\u00e9rer ses \u00e9motions, d\u00e9velopper son autonomie, construire sa confiance en soi et son estime de soi n&rsquo;est pas toujours ais\u00e9. Je [&hellip;]","og_url":"https:\/\/www.xn--anglique-sophrothrapie-d8bo.fr\/index.php\/et-les-enfants-ados-alors\/","og_site_name":"ANGELIQUE LABEILLE","article_modified_time":"2024-09-03T14:03:45+00:00","twitter_card":"summary_large_image","twitter_misc":{"Dur\u00e9e de lecture estim\u00e9e":"4 minutes"},"schema":{"@context":"https:\/\/schema.org","@graph":[{"@type":"WebPage","@id":"https:\/\/www.xn--anglique-sophrothrapie-d8bo.fr\/index.php\/et-les-enfants-ados-alors\/","url":"https:\/\/www.xn--anglique-sophrothrapie-d8bo.fr\/index.php\/et-les-enfants-ados-alors\/","name":"Et les enfants\/ados alors ? - ANGELIQUE LABEILLE","isPartOf":{"@id":"https:\/\/www.xn--anglique-sophrothrapie-d8bo.fr\/#website"},"datePublished":"2024-08-23T14:12:58+00:00","dateModified":"2024-09-03T14:03:45+00:00","breadcrumb":{"@id":"https:\/\/www.xn--anglique-sophrothrapie-d8bo.fr\/index.php\/et-les-enfants-ados-alors\/#breadcrumb"},"inLanguage":"fr-FR","potentialAction":[{"@type":"ReadAction","target":["https:\/\/www.xn--anglique-sophrothrapie-d8bo.fr\/index.php\/et-les-enfants-ados-alors\/"]}]},{"@type":"BreadcrumbList","@id":"https:\/\/www.xn--anglique-sophrothrapie-d8bo.fr\/index.php\/et-les-enfants-ados-alors\/#breadcrumb","itemListElement":[{"@type":"ListItem","position":1,"name":"Accueil","item":"https:\/\/www.xn--anglique-sophrothrapie-d8bo.fr\/"},{"@type":"ListItem","position":2,"name":"Et les enfants\/ados alors ?"}]},{"@type":"WebSite","@id":"https:\/\/www.xn--anglique-sophrothrapie-d8bo.fr\/#website","url":"https:\/\/www.xn--anglique-sophrothrapie-d8bo.fr\/","name":"ANGELIQUE LABEILLE","description":"Sophrologie et psychoth\u00e9rapie","publisher":{"@id":"https:\/\/www.xn--anglique-sophrothrapie-d8bo.fr\/#organization"},"potentialAction":[{"@type":"SearchAction","target":{"@type":"EntryPoint","urlTemplate":"https:\/\/www.xn--anglique-sophrothrapie-d8bo.fr\/?s={search_term_string}"},"query-input":"required name=search_term_string"}],"inLanguage":"fr-FR"},{"@type":"Organization","@id":"https:\/\/www.xn--anglique-sophrothrapie-d8bo.fr\/#organization","name":"ANGELIQUE LABEILLE","url":"https:\/\/www.xn--anglique-sophrothrapie-d8bo.fr\/","logo":{"@type":"ImageObject","inLanguage":"fr-FR","@id":"https:\/\/www.xn--anglique-sophrothrapie-d8bo.fr\/#\/schema\/logo\/image\/","url":"https:\/\/www.xn--anglique-sophrothrapie-d8bo.fr\/wp-content\/uploads\/2024\/10\/cropped-LOGO-A.LA-ANGELIQUE-LABEILLE.png","contentUrl":"https:\/\/www.xn--anglique-sophrothrapie-d8bo.fr\/wp-content\/uploads\/2024\/10\/cropped-LOGO-A.LA-ANGELIQUE-LABEILLE.png","width":500,"height":500,"caption":"ANGELIQUE LABEILLE"},"image":{"@id":"https:\/\/www.xn--anglique-sophrothrapie-d8bo.fr\/#\/schema\/logo\/image\/"}}]}},"_links":{"self":[{"href":"https:\/\/www.xn--anglique-sophrothrapie-d8bo.fr\/index.php\/wp-json\/wp\/v2\/pages\/11","targetHints":{"allow":["GET"]}}],"collection":[{"href":"https:\/\/www.xn--anglique-sophrothrapie-d8bo.fr\/index.php\/wp-json\/wp\/v2\/pages"}],"about":[{"href":"https:\/\/www.xn--anglique-sophrothrapie-d8bo.fr\/index.php\/wp-json\/wp\/v2\/types\/page"}],"author":[{"embeddable":true,"href":"https:\/\/www.xn--anglique-sophrothrapie-d8bo.fr\/index.php\/wp-json\/wp\/v2\/users\/1"}],"replies":[{"embeddable":true,"href":"https:\/\/www.xn--anglique-sophrothrapie-d8bo.fr\/index.php\/wp-json\/wp\/v2\/comments?post=11"}],"version-history":[{"count":73,"href":"https:\/\/www.xn--anglique-sophrothrapie-d8bo.fr\/index.php\/wp-json\/wp\/v2\/pages\/11\/revisions"}],"predecessor-version":[{"id":542,"href":"https:\/\/www.xn--anglique-sophrothrapie-d8bo.fr\/index.php\/wp-json\/wp\/v2\/pages\/11\/revisions\/542"}],"wp:attachment":[{"href":"https:\/\/www.xn--anglique-sophrothrapie-d8bo.fr\/index.php\/wp-json\/wp\/v2\/media?parent=11"}],"curies":[{"name":"wp","href":"https:\/\/api.w.org\/{rel}","templated":true}]}}