{"id":17,"date":"2024-08-23T16:14:21","date_gmt":"2024-08-23T14:14:21","guid":{"rendered":"https:\/\/www.xn--anglique-sophrothrapie-d8bo.fr\/?page_id=17"},"modified":"2024-09-16T17:29:36","modified_gmt":"2024-09-16T15:29:36","slug":"sophrologie-et-entreprise","status":"publish","type":"page","link":"https:\/\/www.xn--anglique-sophrothrapie-d8bo.fr\/index.php\/sophrologie-et-entreprise\/","title":{"rendered":"Sophrologie et entreprise"},"content":{"rendered":"\t\t<div data-elementor-type=\"wp-page\" data-elementor-id=\"17\" class=\"elementor elementor-17\">\n\t\t\t\t<div class=\"elementor-element elementor-element-53470e7 e-flex e-con-boxed e-con e-parent\" data-id=\"53470e7\" data-element_type=\"container\">\n\t\t\t\t\t<div class=\"e-con-inner\">\n\t\t\t\t<div class=\"elementor-element elementor-element-b282ca1 elementor-widget elementor-widget-text-editor\" data-id=\"b282ca1\" data-element_type=\"widget\" data-widget_type=\"text-editor.default\">\n\t\t\t\t<div class=\"elementor-widget-container\">\n\t\t\t<style>\/*! elementor - v3.23.0 - 05-08-2024 *\/\n.elementor-widget-text-editor.elementor-drop-cap-view-stacked .elementor-drop-cap{background-color:#69727d;color:#fff}.elementor-widget-text-editor.elementor-drop-cap-view-framed .elementor-drop-cap{color:#69727d;border:3px solid;background-color:transparent}.elementor-widget-text-editor:not(.elementor-drop-cap-view-default) .elementor-drop-cap{margin-top:8px}.elementor-widget-text-editor:not(.elementor-drop-cap-view-default) .elementor-drop-cap-letter{width:1em;height:1em}.elementor-widget-text-editor .elementor-drop-cap{float:left;text-align:center;line-height:1;font-size:50px}.elementor-widget-text-editor .elementor-drop-cap-letter{display:inline-block}<\/style>\t\t\t\t<p>Ang\u00e9lique Labeille \u2013 Sophrologue \u00e0 Mont\u00e9limar 26 et ses alentours &#8211; QVT Qualit\u00e9 de Vie au Travail<\/p>\t\t\t\t\t\t<\/div>\n\t\t\t\t<\/div>\n\t\t\t\t\t<\/div>\n\t\t\t\t<\/div>\n\t\t<div class=\"elementor-element elementor-element-5078161 e-flex e-con-boxed e-con e-parent\" data-id=\"5078161\" data-element_type=\"container\">\n\t\t\t\t\t<div class=\"e-con-inner\">\n\t\t\t\t<div class=\"elementor-element elementor-element-ec47ce4 elementor-widget elementor-widget-text-editor\" data-id=\"ec47ce4\" data-element_type=\"widget\" data-widget_type=\"text-editor.default\">\n\t\t\t\t<div class=\"elementor-widget-container\">\n\t\t\t\t\t\t\t<p>Vous avez \u00e0 c\u0153ur, en tant qu\u2019employeur, de mettre en place des solutions pour am\u00e9liorer la qualit\u00e9 de vie de vos salari\u00e9s.<\/p>\n<p>La pratique de la sophrologie en entreprise par le biais d\u2019ateliers de groupe propose des r\u00e9ponses concr\u00e8tes qui permettent aux collaborateurs de g\u00e9rer le stress, de pr\u00e9venir le burn out mais \u00e9galement de retrouver leur \u00e9nergie physique et mentale pour une r\u00e9cup\u00e9ration plus efficace, am\u00e9liorer la concentration et la gestion des \u00e9motions.<\/p>\n<p>La sophrologie au travail a de multiples b\u00e9n\u00e9fices sur le bien-\u00eatre des salari\u00e9s et permet de meilleures performances.<\/p>\n<p>Les motifs qui peuvent vous encourager \u00e0 faire appel \u00e0 votre sophrologue sont tr\u00e8s vari\u00e9s :<\/p>\n<p>&nbsp; Diminution du stress<\/p>\n<p>&nbsp; Meilleure gestion des \u00e9motions<\/p>\n<p>&nbsp; Coh\u00e9sion et travail en \u00e9quipe,<\/p>\n<p>&nbsp; Valeurs humaines et valeurs de l\u2019entreprise,<\/p>\n<p>&nbsp; Am\u00e9lioration de la confiance et de l\u2019affirmation de soi,<\/p>\n<p>&nbsp; Adaptation au changement,<\/p>\n<p>&nbsp; Aide \u00e0 la prise de recul et \u00e0 la prise de d\u00e9cisions,<\/p>\n<p>&nbsp; Gestion du temps et priorisation des actions<\/p>\n<p>&nbsp; Pr\u00e9paration \u00e0 la prise de parole en public,<\/p>\n<p>&nbsp; D\u00e9passement de soi<\/p>\t\t\t\t\t\t<\/div>\n\t\t\t\t<\/div>\n\t\t\t\t\t<\/div>\n\t\t\t\t<\/div>\n\t\t<div class=\"elementor-element elementor-element-a40b4b2 e-con-full e-flex e-con e-parent\" data-id=\"a40b4b2\" data-element_type=\"container\">\n\t\t\t\t<div class=\"elementor-element elementor-element-ee3c435 elementor-widget elementor-widget-heading\" data-id=\"ee3c435\" data-element_type=\"widget\" data-widget_type=\"heading.default\">\n\t\t\t\t<div class=\"elementor-widget-container\">\n\t\t\t<style>\/*! elementor - v3.23.0 - 05-08-2024 *\/\n.elementor-heading-title{padding:0;margin:0;line-height:1}.elementor-widget-heading .elementor-heading-title[class*=elementor-size-]>a{color:inherit;font-size:inherit;line-height:inherit}.elementor-widget-heading .elementor-heading-title.elementor-size-small{font-size:15px}.elementor-widget-heading .elementor-heading-title.elementor-size-medium{font-size:19px}.elementor-widget-heading .elementor-heading-title.elementor-size-large{font-size:29px}.elementor-widget-heading .elementor-heading-title.elementor-size-xl{font-size:39px}.elementor-widget-heading .elementor-heading-title.elementor-size-xxl{font-size:59px}<\/style><h2 class=\"elementor-heading-title elementor-size-default\">ATELIERS PROPOSES <br>PAR A.LA SOPHRO-THERAPIE<br>  EN ENTREPRISE\n<\/h2>\t\t<\/div>\n\t\t\t\t<\/div>\n\t\t\t\t<\/div>\n\t\t<div class=\"elementor-element elementor-element-4e810d4 e-flex e-con-boxed e-con e-parent\" data-id=\"4e810d4\" data-element_type=\"container\">\n\t\t\t\t\t<div class=\"e-con-inner\">\n\t\t\t\t<div class=\"elementor-element elementor-element-1895978 elementor-widget elementor-widget-text-editor\" data-id=\"1895978\" data-element_type=\"widget\" data-widget_type=\"text-editor.default\">\n\t\t\t\t<div class=\"elementor-widget-container\">\n\t\t\t\t\t\t\t<p><b>FORMULE 8 SEANCES DE 1h30 (une \u00e0 deux <\/b><b>seances<\/b><b> par semaine selon votre choix)<\/b><\/p><p>Pour les modules de 1h30, pratique de 2 s\u00e9ances de sophrologie ou 1 s\u00e9ance de th\u00e9orie et\/ou alliance du groupe et 1 s\u00e9ance de sophrologie<\/p><p><b>FORMULE 12 SEANCES DE 1h (une \u00e0 deux <\/b><b>seances<\/b><b> par semaine selon votre choix)<\/b><\/p><p>Pour les modules d\u20191h, pratique de 1 s\u00e9ance de sophrologie ou 1 s\u00e9ance de th\u00e9orie et\/ou alliance du groupe<\/p><p><b>FORMULE STAGE 1 JOURNEE 7 h de pratique <\/b><\/p><p>Alternance de pratique sophrologique et quelques bases de th\u00e9orie et explication selon le sujet abord\u00e9<\/p><p><b>FORMULE STAGE\u00a0 \u00bd JOURNEE 4 h de pratique <\/b><\/p><p>Alternance de pratique sophrologique et quelques bases de th\u00e9orie et explication selon le sujet abord\u00e9.<\/p><p>\u00a0<\/p><p><b>SEANCES INDIVIDUELLES 1h au sein de votre entreprise<\/b><\/p><p>N\u2019h\u00e9sitez pas \u00e0 me contacter pour avoir plus de renseignements et obtenir un devis.<\/p>\t\t\t\t\t\t<\/div>\n\t\t\t\t<\/div>\n\t\t\t\t\t<\/div>\n\t\t\t\t<\/div>\n\t\t<div class=\"elementor-element elementor-element-d596fef e-flex e-con-boxed e-con e-parent\" data-id=\"d596fef\" data-element_type=\"container\">\n\t\t\t\t\t<div class=\"e-con-inner\">\n\t\t\t\t<div class=\"elementor-element elementor-element-00e069f elementor-widget elementor-widget-text-editor\" data-id=\"00e069f\" data-element_type=\"widget\" data-widget_type=\"text-editor.default\">\n\t\t\t\t<div class=\"elementor-widget-container\">\n\t\t\t\t\t\t\t<p>ME CONTACTER<\/p>\t\t\t\t\t\t<\/div>\n\t\t\t\t<\/div>\n\t\t\t\t\t<\/div>\n\t\t\t\t<\/div>\n\t\t<div class=\"elementor-element elementor-element-226b6e5 e-con-full e-flex e-con e-parent\" data-id=\"226b6e5\" data-element_type=\"container\">\n\t\t\t\t<div class=\"elementor-element elementor-element-e22cf59 elementor-align-left elementor-icon-list--layout-traditional elementor-list-item-link-full_width elementor-widget elementor-widget-icon-list\" data-id=\"e22cf59\" data-element_type=\"widget\" data-widget_type=\"icon-list.default\">\n\t\t\t\t<div class=\"elementor-widget-container\">\n\t\t\t<link rel=\"stylesheet\" href=\"https:\/\/www.xn--anglique-sophrothrapie-d8bo.fr\/wp-content\/plugins\/elementor\/assets\/css\/widget-icon-list.min.css\">\t\t<ul class=\"elementor-icon-list-items\">\n\t\t\t\t\t\t\t<li class=\"elementor-icon-list-item\">\n\t\t\t\t\t\t\t\t\t\t\t<span class=\"elementor-icon-list-icon\">\n\t\t\t\t\t\t\t<svg aria-hidden=\"true\" class=\"e-font-icon-svg e-fas-phone-alt\" viewBox=\"0 0 512 512\" xmlns=\"http:\/\/www.w3.org\/2000\/svg\"><path d=\"M497.39 361.8l-112-48a24 24 0 0 0-28 6.9l-49.6 60.6A370.66 370.66 0 0 1 130.6 204.11l60.6-49.6a23.94 23.94 0 0 0 6.9-28l-48-112A24.16 24.16 0 0 0 122.6.61l-104 24A24 24 0 0 0 0 48c0 256.5 207.9 464 464 464a24 24 0 0 0 23.4-18.6l24-104a24.29 24.29 0 0 0-14.01-27.6z\"><\/path><\/svg>\t\t\t\t\t\t<\/span>\n\t\t\t\t\t\t\t\t\t\t<span class=\"elementor-icon-list-text\">06.52.24.79.19<\/span>\n\t\t\t\t\t\t\t\t\t<\/li>\n\t\t\t\t\t\t\t\t<li class=\"elementor-icon-list-item\">\n\t\t\t\t\t\t\t\t\t\t\t<span class=\"elementor-icon-list-icon\">\n\t\t\t\t\t\t\t<svg aria-hidden=\"true\" class=\"e-font-icon-svg e-fas-envelope-open\" viewBox=\"0 0 512 512\" xmlns=\"http:\/\/www.w3.org\/2000\/svg\"><path d=\"M512 464c0 26.51-21.49 48-48 48H48c-26.51 0-48-21.49-48-48V200.724a48 48 0 0 1 18.387-37.776c24.913-19.529 45.501-35.365 164.2-121.511C199.412 29.17 232.797-.347 256 .003c23.198-.354 56.596 29.172 73.413 41.433 118.687 86.137 139.303 101.995 164.2 121.512A48 48 0 0 1 512 200.724V464zm-65.666-196.605c-2.563-3.728-7.7-4.595-11.339-1.907-22.845 16.873-55.462 40.705-105.582 77.079-16.825 12.266-50.21 41.781-73.413 41.43-23.211.344-56.559-29.143-73.413-41.43-50.114-36.37-82.734-60.204-105.582-77.079-3.639-2.688-8.776-1.821-11.339 1.907l-9.072 13.196a7.998 7.998 0 0 0 1.839 10.967c22.887 16.899 55.454 40.69 105.303 76.868 20.274 14.781 56.524 47.813 92.264 47.573 35.724.242 71.961-32.771 92.263-47.573 49.85-36.179 82.418-59.97 105.303-76.868a7.998 7.998 0 0 0 1.839-10.967l-9.071-13.196z\"><\/path><\/svg>\t\t\t\t\t\t<\/span>\n\t\t\t\t\t\t\t\t\t\t<span class=\"elementor-icon-list-text\">angelique.labeille@angelique-sophrotherapie.fr<\/span>\n\t\t\t\t\t\t\t\t\t<\/li>\n\t\t\t\t\t\t\t\t<li class=\"elementor-icon-list-item\">\n\t\t\t\t\t\t\t\t\t\t\t<span class=\"elementor-icon-list-icon\">\n\t\t\t\t\t\t\t<svg aria-hidden=\"true\" class=\"e-font-icon-svg e-fas-home\" viewBox=\"0 0 576 512\" xmlns=\"http:\/\/www.w3.org\/2000\/svg\"><path d=\"M280.37 148.26L96 300.11V464a16 16 0 0 0 16 16l112.06-.29a16 16 0 0 0 15.92-16V368a16 16 0 0 1 16-16h64a16 16 0 0 1 16 16v95.64a16 16 0 0 0 16 16.05L464 480a16 16 0 0 0 16-16V300L295.67 148.26a12.19 12.19 0 0 0-15.3 0zM571.6 251.47L488 182.56V44.05a12 12 0 0 0-12-12h-56a12 12 0 0 0-12 12v72.61L318.47 43a48 48 0 0 0-61 0L4.34 251.47a12 12 0 0 0-1.6 16.9l25.5 31A12 12 0 0 0 45.15 301l235.22-193.74a12.19 12.19 0 0 1 15.3 0L530.9 301a12 12 0 0 0 16.9-1.6l25.5-31a12 12 0 0 0-1.7-16.93z\"><\/path><\/svg>\t\t\t\t\t\t<\/span>\n\t\t\t\t\t\t\t\t\t\t<span class=\"elementor-icon-list-text\">A.la Sophro-Th\u00e9rapie, EI <\/span>\n\t\t\t\t\t\t\t\t\t<\/li>\n\t\t\t\t\t\t\t\t<li class=\"elementor-icon-list-item\">\n\t\t\t\t\t\t\t\t\t\t<span class=\"elementor-icon-list-text\">50, all\u00e9e de la Truffi\u00e8re<\/span>\n\t\t\t\t\t\t\t\t\t<\/li>\n\t\t\t\t\t\t\t\t<li class=\"elementor-icon-list-item\">\n\t\t\t\t\t\t\t\t\t\t<span class=\"elementor-icon-list-text\">26740 Sauzet<\/span>\n\t\t\t\t\t\t\t\t\t<\/li>\n\t\t\t\t\t\t<\/ul>\n\t\t\t\t<\/div>\n\t\t\t\t<\/div>\n\t\t\t\t<\/div>\n\t\t\t\t<\/div>\n\t\t","protected":false},"excerpt":{"rendered":"<p>Ang\u00e9lique Labeille \u2013 Sophrologue \u00e0 Mont\u00e9limar 26 et ses alentours &#8211; QVT Qualit\u00e9 de Vie au Travail Vous avez \u00e0 c\u0153ur, en tant qu\u2019employeur, de mettre en place des solutions pour am\u00e9liorer la qualit\u00e9 de vie de vos salari\u00e9s. La pratique de la sophrologie en entreprise par le biais d\u2019ateliers de groupe propose des r\u00e9ponses [&hellip;]<\/p>\n","protected":false},"author":1,"featured_media":0,"parent":0,"menu_order":0,"comment_status":"closed","ping_status":"closed","template":"","meta":{"ocean_post_layout":"","ocean_both_sidebars_style":"","ocean_both_sidebars_content_width":0,"ocean_both_sidebars_sidebars_width":0,"ocean_sidebar":"","ocean_second_sidebar":"","ocean_disable_margins":"enable","ocean_add_body_class":"","ocean_shortcode_before_top_bar":"","ocean_shortcode_after_top_bar":"","ocean_shortcode_before_header":"","ocean_shortcode_after_header":"","ocean_has_shortcode":"","ocean_shortcode_after_title":"","ocean_shortcode_before_footer_widgets":"","ocean_shortcode_after_footer_widgets":"","ocean_shortcode_before_footer_bottom":"","ocean_shortcode_after_footer_bottom":"","ocean_display_top_bar":"default","ocean_display_header":"default","ocean_header_style":"","ocean_center_header_left_menu":"","ocean_custom_header_template":"","ocean_custom_logo":0,"ocean_custom_retina_logo":0,"ocean_custom_logo_max_width":0,"ocean_custom_logo_tablet_max_width":0,"ocean_custom_logo_mobile_max_width":0,"ocean_custom_logo_max_height":0,"ocean_custom_logo_tablet_max_height":0,"ocean_custom_logo_mobile_max_height":0,"ocean_header_custom_menu":"","ocean_menu_typo_font_family":"","ocean_menu_typo_font_subset":"","ocean_menu_typo_font_size":0,"ocean_menu_typo_font_size_tablet":0,"ocean_menu_typo_font_size_mobile":0,"ocean_menu_typo_font_size_unit":"px","ocean_menu_typo_font_weight":"","ocean_menu_typo_font_weight_tablet":"","ocean_menu_typo_font_weight_mobile":"","ocean_menu_typo_transform":"","ocean_menu_typo_transform_tablet":"","ocean_menu_typo_transform_mobile":"","ocean_menu_typo_line_height":0,"ocean_menu_typo_line_height_tablet":0,"ocean_menu_typo_line_height_mobile":0,"ocean_menu_typo_line_height_unit":"","ocean_menu_typo_spacing":0,"ocean_menu_typo_spacing_tablet":0,"ocean_menu_typo_spacing_mobile":0,"ocean_menu_typo_spacing_unit":"","ocean_menu_link_color":"","ocean_menu_link_color_hover":"","ocean_menu_link_color_active":"","ocean_menu_link_background":"","ocean_menu_link_hover_background":"","ocean_menu_link_active_background":"","ocean_menu_social_links_bg":"","ocean_menu_social_hover_links_bg":"","ocean_menu_social_links_color":"","ocean_menu_social_hover_links_color":"","ocean_disable_title":"default","ocean_disable_heading":"default","ocean_post_title":"","ocean_post_subheading":"","ocean_post_title_style":"","ocean_post_title_background_color":"","ocean_post_title_background":0,"ocean_post_title_bg_image_position":"","ocean_post_title_bg_image_attachment":"","ocean_post_title_bg_image_repeat":"","ocean_post_title_bg_image_size":"","ocean_post_title_height":0,"ocean_post_title_bg_overlay":0.5,"ocean_post_title_bg_overlay_color":"","ocean_disable_breadcrumbs":"default","ocean_breadcrumbs_color":"","ocean_breadcrumbs_separator_color":"","ocean_breadcrumbs_links_color":"","ocean_breadcrumbs_links_hover_color":"","ocean_display_footer_widgets":"default","ocean_display_footer_bottom":"default","ocean_custom_footer_template":"","footnotes":""},"class_list":["post-17","page","type-page","status-publish","hentry","entry"],"yoast_head":"<!-- This site is optimized with the Yoast SEO plugin v23.3 - https:\/\/yoast.com\/wordpress\/plugins\/seo\/ -->\n<title>Sophrologie et entreprise - ANGELIQUE LABEILLE<\/title>\n<meta name=\"robots\" content=\"index, follow, max-snippet:-1, max-image-preview:large, max-video-preview:-1\" \/>\n<link rel=\"canonical\" href=\"https:\/\/www.xn--anglique-sophrothrapie-d8bo.fr\/index.php\/sophrologie-et-entreprise\/\" \/>\n<meta property=\"og:locale\" content=\"fr_FR\" \/>\n<meta property=\"og:type\" content=\"article\" \/>\n<meta property=\"og:title\" content=\"Sophrologie et entreprise - ANGELIQUE LABEILLE\" \/>\n<meta property=\"og:description\" content=\"Ang\u00e9lique Labeille \u2013 Sophrologue \u00e0 Mont\u00e9limar 26 et ses alentours &#8211; QVT Qualit\u00e9 de Vie au Travail Vous avez \u00e0 c\u0153ur, en tant qu\u2019employeur, de mettre en place des solutions pour am\u00e9liorer la qualit\u00e9 de vie de vos salari\u00e9s. La pratique de la sophrologie en entreprise par le biais d\u2019ateliers de groupe propose des r\u00e9ponses [&hellip;]\" \/>\n<meta property=\"og:url\" content=\"https:\/\/www.xn--anglique-sophrothrapie-d8bo.fr\/index.php\/sophrologie-et-entreprise\/\" \/>\n<meta property=\"og:site_name\" content=\"ANGELIQUE LABEILLE\" \/>\n<meta property=\"article:modified_time\" content=\"2024-09-16T15:29:36+00:00\" \/>\n<meta name=\"twitter:card\" content=\"summary_large_image\" \/>\n<meta name=\"twitter:label1\" content=\"Dur\u00e9e de lecture estim\u00e9e\" \/>\n\t<meta name=\"twitter:data1\" content=\"2 minutes\" \/>\n<script type=\"application\/ld+json\" class=\"yoast-schema-graph\">{\"@context\":\"https:\/\/schema.org\",\"@graph\":[{\"@type\":\"WebPage\",\"@id\":\"https:\/\/www.xn--anglique-sophrothrapie-d8bo.fr\/index.php\/sophrologie-et-entreprise\/\",\"url\":\"https:\/\/www.xn--anglique-sophrothrapie-d8bo.fr\/index.php\/sophrologie-et-entreprise\/\",\"name\":\"Sophrologie et entreprise - ANGELIQUE LABEILLE\",\"isPartOf\":{\"@id\":\"https:\/\/www.xn--anglique-sophrothrapie-d8bo.fr\/#website\"},\"datePublished\":\"2024-08-23T14:14:21+00:00\",\"dateModified\":\"2024-09-16T15:29:36+00:00\",\"breadcrumb\":{\"@id\":\"https:\/\/www.xn--anglique-sophrothrapie-d8bo.fr\/index.php\/sophrologie-et-entreprise\/#breadcrumb\"},\"inLanguage\":\"fr-FR\",\"potentialAction\":[{\"@type\":\"ReadAction\",\"target\":[\"https:\/\/www.xn--anglique-sophrothrapie-d8bo.fr\/index.php\/sophrologie-et-entreprise\/\"]}]},{\"@type\":\"BreadcrumbList\",\"@id\":\"https:\/\/www.xn--anglique-sophrothrapie-d8bo.fr\/index.php\/sophrologie-et-entreprise\/#breadcrumb\",\"itemListElement\":[{\"@type\":\"ListItem\",\"position\":1,\"name\":\"Accueil\",\"item\":\"https:\/\/www.xn--anglique-sophrothrapie-d8bo.fr\/\"},{\"@type\":\"ListItem\",\"position\":2,\"name\":\"Sophrologie et entreprise\"}]},{\"@type\":\"WebSite\",\"@id\":\"https:\/\/www.xn--anglique-sophrothrapie-d8bo.fr\/#website\",\"url\":\"https:\/\/www.xn--anglique-sophrothrapie-d8bo.fr\/\",\"name\":\"ANGELIQUE LABEILLE\",\"description\":\"Sophrologie et psychoth\u00e9rapie\",\"publisher\":{\"@id\":\"https:\/\/www.xn--anglique-sophrothrapie-d8bo.fr\/#organization\"},\"potentialAction\":[{\"@type\":\"SearchAction\",\"target\":{\"@type\":\"EntryPoint\",\"urlTemplate\":\"https:\/\/www.xn--anglique-sophrothrapie-d8bo.fr\/?s={search_term_string}\"},\"query-input\":\"required name=search_term_string\"}],\"inLanguage\":\"fr-FR\"},{\"@type\":\"Organization\",\"@id\":\"https:\/\/www.xn--anglique-sophrothrapie-d8bo.fr\/#organization\",\"name\":\"ANGELIQUE LABEILLE\",\"url\":\"https:\/\/www.xn--anglique-sophrothrapie-d8bo.fr\/\",\"logo\":{\"@type\":\"ImageObject\",\"inLanguage\":\"fr-FR\",\"@id\":\"https:\/\/www.xn--anglique-sophrothrapie-d8bo.fr\/#\/schema\/logo\/image\/\",\"url\":\"https:\/\/www.xn--anglique-sophrothrapie-d8bo.fr\/wp-content\/uploads\/2024\/10\/cropped-LOGO-A.LA-ANGELIQUE-LABEILLE.png\",\"contentUrl\":\"https:\/\/www.xn--anglique-sophrothrapie-d8bo.fr\/wp-content\/uploads\/2024\/10\/cropped-LOGO-A.LA-ANGELIQUE-LABEILLE.png\",\"width\":500,\"height\":500,\"caption\":\"ANGELIQUE LABEILLE\"},\"image\":{\"@id\":\"https:\/\/www.xn--anglique-sophrothrapie-d8bo.fr\/#\/schema\/logo\/image\/\"}}]}<\/script>\n<!-- \/ Yoast SEO plugin. -->","yoast_head_json":{"title":"Sophrologie et entreprise - ANGELIQUE LABEILLE","robots":{"index":"index","follow":"follow","max-snippet":"max-snippet:-1","max-image-preview":"max-image-preview:large","max-video-preview":"max-video-preview:-1"},"canonical":"https:\/\/www.xn--anglique-sophrothrapie-d8bo.fr\/index.php\/sophrologie-et-entreprise\/","og_locale":"fr_FR","og_type":"article","og_title":"Sophrologie et entreprise - ANGELIQUE LABEILLE","og_description":"Ang\u00e9lique Labeille \u2013 Sophrologue \u00e0 Mont\u00e9limar 26 et ses alentours &#8211; QVT Qualit\u00e9 de Vie au Travail Vous avez \u00e0 c\u0153ur, en tant qu\u2019employeur, de mettre en place des solutions pour am\u00e9liorer la qualit\u00e9 de vie de vos salari\u00e9s. La pratique de la sophrologie en entreprise par le biais d\u2019ateliers de groupe propose des r\u00e9ponses [&hellip;]","og_url":"https:\/\/www.xn--anglique-sophrothrapie-d8bo.fr\/index.php\/sophrologie-et-entreprise\/","og_site_name":"ANGELIQUE LABEILLE","article_modified_time":"2024-09-16T15:29:36+00:00","twitter_card":"summary_large_image","twitter_misc":{"Dur\u00e9e de lecture estim\u00e9e":"2 minutes"},"schema":{"@context":"https:\/\/schema.org","@graph":[{"@type":"WebPage","@id":"https:\/\/www.xn--anglique-sophrothrapie-d8bo.fr\/index.php\/sophrologie-et-entreprise\/","url":"https:\/\/www.xn--anglique-sophrothrapie-d8bo.fr\/index.php\/sophrologie-et-entreprise\/","name":"Sophrologie et entreprise - ANGELIQUE LABEILLE","isPartOf":{"@id":"https:\/\/www.xn--anglique-sophrothrapie-d8bo.fr\/#website"},"datePublished":"2024-08-23T14:14:21+00:00","dateModified":"2024-09-16T15:29:36+00:00","breadcrumb":{"@id":"https:\/\/www.xn--anglique-sophrothrapie-d8bo.fr\/index.php\/sophrologie-et-entreprise\/#breadcrumb"},"inLanguage":"fr-FR","potentialAction":[{"@type":"ReadAction","target":["https:\/\/www.xn--anglique-sophrothrapie-d8bo.fr\/index.php\/sophrologie-et-entreprise\/"]}]},{"@type":"BreadcrumbList","@id":"https:\/\/www.xn--anglique-sophrothrapie-d8bo.fr\/index.php\/sophrologie-et-entreprise\/#breadcrumb","itemListElement":[{"@type":"ListItem","position":1,"name":"Accueil","item":"https:\/\/www.xn--anglique-sophrothrapie-d8bo.fr\/"},{"@type":"ListItem","position":2,"name":"Sophrologie et entreprise"}]},{"@type":"WebSite","@id":"https:\/\/www.xn--anglique-sophrothrapie-d8bo.fr\/#website","url":"https:\/\/www.xn--anglique-sophrothrapie-d8bo.fr\/","name":"ANGELIQUE LABEILLE","description":"Sophrologie et psychoth\u00e9rapie","publisher":{"@id":"https:\/\/www.xn--anglique-sophrothrapie-d8bo.fr\/#organization"},"potentialAction":[{"@type":"SearchAction","target":{"@type":"EntryPoint","urlTemplate":"https:\/\/www.xn--anglique-sophrothrapie-d8bo.fr\/?s={search_term_string}"},"query-input":"required name=search_term_string"}],"inLanguage":"fr-FR"},{"@type":"Organization","@id":"https:\/\/www.xn--anglique-sophrothrapie-d8bo.fr\/#organization","name":"ANGELIQUE LABEILLE","url":"https:\/\/www.xn--anglique-sophrothrapie-d8bo.fr\/","logo":{"@type":"ImageObject","inLanguage":"fr-FR","@id":"https:\/\/www.xn--anglique-sophrothrapie-d8bo.fr\/#\/schema\/logo\/image\/","url":"https:\/\/www.xn--anglique-sophrothrapie-d8bo.fr\/wp-content\/uploads\/2024\/10\/cropped-LOGO-A.LA-ANGELIQUE-LABEILLE.png","contentUrl":"https:\/\/www.xn--anglique-sophrothrapie-d8bo.fr\/wp-content\/uploads\/2024\/10\/cropped-LOGO-A.LA-ANGELIQUE-LABEILLE.png","width":500,"height":500,"caption":"ANGELIQUE LABEILLE"},"image":{"@id":"https:\/\/www.xn--anglique-sophrothrapie-d8bo.fr\/#\/schema\/logo\/image\/"}}]}},"_links":{"self":[{"href":"https:\/\/www.xn--anglique-sophrothrapie-d8bo.fr\/index.php\/wp-json\/wp\/v2\/pages\/17","targetHints":{"allow":["GET"]}}],"collection":[{"href":"https:\/\/www.xn--anglique-sophrothrapie-d8bo.fr\/index.php\/wp-json\/wp\/v2\/pages"}],"about":[{"href":"https:\/\/www.xn--anglique-sophrothrapie-d8bo.fr\/index.php\/wp-json\/wp\/v2\/types\/page"}],"author":[{"embeddable":true,"href":"https:\/\/www.xn--anglique-sophrothrapie-d8bo.fr\/index.php\/wp-json\/wp\/v2\/users\/1"}],"replies":[{"embeddable":true,"href":"https:\/\/www.xn--anglique-sophrothrapie-d8bo.fr\/index.php\/wp-json\/wp\/v2\/comments?post=17"}],"version-history":[{"count":37,"href":"https:\/\/www.xn--anglique-sophrothrapie-d8bo.fr\/index.php\/wp-json\/wp\/v2\/pages\/17\/revisions"}],"predecessor-version":[{"id":558,"href":"https:\/\/www.xn--anglique-sophrothrapie-d8bo.fr\/index.php\/wp-json\/wp\/v2\/pages\/17\/revisions\/558"}],"wp:attachment":[{"href":"https:\/\/www.xn--anglique-sophrothrapie-d8bo.fr\/index.php\/wp-json\/wp\/v2\/media?parent=17"}],"curies":[{"name":"wp","href":"https:\/\/api.w.org\/{rel}","templated":true}]}}