{"id":9,"date":"2024-08-23T16:12:38","date_gmt":"2024-08-23T14:12:38","guid":{"rendered":"https:\/\/www.xn--anglique-sophrothrapie-d8bo.fr\/?page_id=9"},"modified":"2024-09-03T16:02:55","modified_gmt":"2024-09-03T14:02:55","slug":"psychotherapie","status":"publish","type":"page","link":"https:\/\/www.xn--anglique-sophrothrapie-d8bo.fr\/index.php\/psychotherapie\/","title":{"rendered":"Psychoth\u00e9rapie"},"content":{"rendered":"\t\t<div data-elementor-type=\"wp-page\" data-elementor-id=\"9\" class=\"elementor elementor-9\">\n\t\t\t\t<div class=\"elementor-element elementor-element-4d2d671 e-flex e-con-boxed e-con e-parent\" data-id=\"4d2d671\" data-element_type=\"container\">\n\t\t\t\t\t<div class=\"e-con-inner\">\n\t\t\t\t<div class=\"elementor-element elementor-element-c58dda5 elementor-widget elementor-widget-text-editor\" data-id=\"c58dda5\" data-element_type=\"widget\" data-widget_type=\"text-editor.default\">\n\t\t\t\t<div class=\"elementor-widget-container\">\n\t\t\t<style>\/*! elementor - v3.23.0 - 05-08-2024 *\/\n.elementor-widget-text-editor.elementor-drop-cap-view-stacked .elementor-drop-cap{background-color:#69727d;color:#fff}.elementor-widget-text-editor.elementor-drop-cap-view-framed .elementor-drop-cap{color:#69727d;border:3px solid;background-color:transparent}.elementor-widget-text-editor:not(.elementor-drop-cap-view-default) .elementor-drop-cap{margin-top:8px}.elementor-widget-text-editor:not(.elementor-drop-cap-view-default) .elementor-drop-cap-letter{width:1em;height:1em}.elementor-widget-text-editor .elementor-drop-cap{float:left;text-align:center;line-height:1;font-size:50px}.elementor-widget-text-editor .elementor-drop-cap-letter{display:inline-block}<\/style>\t\t\t\t<p><strong>Troubles r\u00e9actionnels, Crises existentielles, Probl\u00e9matiques familiales et conjugales, Sentiments de d\u00e9pendance, Moments de vie difficiles, Angoisses, Stress intensif, Burn out, Difficult\u00e9s parentales, Violences sexuelles, physiques ou morales\u2026.<\/strong><\/p>\n<p>La psychoth\u00e9rapie c\u2019est surtout prendre du temps pour soi, rechercher une \u00e9coute, un accueil et une approche qui va vous permettre de mieux vous comprendre.<\/p>\n<p><strong><i>La th\u00e9rapie<\/i> <i>pour<\/i> <i>d\u00e9terminer ce<\/i> <i>dont<\/i> <i>nous souffrons et nous<\/i> <i>aider \u00e0 aller de l\u2019avant.<\/i><\/strong><\/p>\n<p>Je vous accueille dans ce petit havre de paix qu\u2019est mon cabinet et qui devient pour un instant le lieu de tous les possibles, le lieu o\u00f9 tout peut s\u2019exprimer pour pouvoir faire \u00e9merger ce qui fait souffrir, ce qui emp\u00eache de se sentir bien, voire traiter ce qui est de l\u2019ordre du traumatisme ou du refoul\u00e9 au plus profond de soi.<\/p>\n<p>Ma vision de la psychoth\u00e9rapie est tr\u00e8s int\u00e9grative et me permet de mettre \u00e0 disposition de votre th\u00e9rapie diff\u00e9rents outils provenant de divers champs d\u2019application tel que la psychanalyse *, la th\u00e9rapie de soutien **, techniques psychocorporelles ***.<\/p>\n<p>&nbsp; * La psychanalyse ou psychoth\u00e9rapie analytique c\u2019est \u00e9tablir des liens entre les difficult\u00e9s actuelles, les exp\u00e9riences pass\u00e9es, les sympt\u00f4mes, les \u00e9l\u00e9ments refoul\u00e9s, les conflits intrapsychiques. C\u2019est une science de l\u2019\u00e9coute \u00e0 la fois de ce qui est dit et de ce qui n\u2019est pas dit.<\/p>\n<p>&nbsp; ** La th\u00e9rapie de soutien c\u2019est \u00e9couter, soutenir, essayer de comprendre ce qui se passe pour vous. Me rendre disponible, \u00e0 votre \u00e9coute sans jugement et sans pr\u00e9con\u00e7u reste ma priorit\u00e9.<\/p>\n<p>&nbsp; *** Form\u00e9e \u00e0 la technique psychocorporelle par l\u2019association SVS-Stop aux violences sexuelles.<\/p>\n<p>A l\u2019aide d\u2019exercices sp\u00e9cifiques, je vous proposerai d\u2019alterner des temps de mobilisations corporelles et de verbalisations de vos \u00e9motions.<\/p>\t\t\t\t\t\t<\/div>\n\t\t\t\t<\/div>\n\t\t\t\t<div class=\"elementor-element elementor-element-d7b2d6e elementor-align-right elementor-widget elementor-widget-button\" data-id=\"d7b2d6e\" data-element_type=\"widget\" data-widget_type=\"button.default\">\n\t\t\t\t<div class=\"elementor-widget-container\">\n\t\t\t\t\t<div class=\"elementor-button-wrapper\">\n\t\t\t<a class=\"elementor-button elementor-button-link elementor-size-sm\" href=\"https:\/\/www.xn--anglique-sophrothrapie-d8bo.fr\/index.php\/tarifs-et-contact\/\">\n\t\t\t\t\t\t<span class=\"elementor-button-content-wrapper\">\n\t\t\t\t\t\t\t\t\t<span class=\"elementor-button-text\">En savoir plus sur les s\u00e9ances de psychoth\u00e9rapie<\/span>\n\t\t\t\t\t<\/span>\n\t\t\t\t\t<\/a>\n\t\t<\/div>\n\t\t\t\t<\/div>\n\t\t\t\t<\/div>\n\t\t\t\t<div class=\"elementor-element elementor-element-2e5da05 elementor-align-right elementor-widget elementor-widget-button\" data-id=\"2e5da05\" data-element_type=\"widget\" data-widget_type=\"button.default\">\n\t\t\t\t<div class=\"elementor-widget-container\">\n\t\t\t\t\t<div class=\"elementor-button-wrapper\">\n\t\t\t<a class=\"elementor-button elementor-button-link elementor-size-sm\" href=\"https:\/\/www.resalib.fr\/praticien\/93597-angelique-labeille-sophrologue-sauzet\" target=\"_blank\">\n\t\t\t\t\t\t<span class=\"elementor-button-content-wrapper\">\n\t\t\t\t\t\t\t\t\t<span class=\"elementor-button-text\">Prendre RDV<\/span>\n\t\t\t\t\t<\/span>\n\t\t\t\t\t<\/a>\n\t\t<\/div>\n\t\t\t\t<\/div>\n\t\t\t\t<\/div>\n\t\t\t\t<div class=\"elementor-element elementor-element-ccca84b elementor-widget elementor-widget-button\" data-id=\"ccca84b\" data-element_type=\"widget\" data-widget_type=\"button.default\">\n\t\t\t\t<div class=\"elementor-widget-container\">\n\t\t\t\t\t<div class=\"elementor-button-wrapper\">\n\t\t\t<a class=\"elementor-button elementor-button-link elementor-size-sm\" href=\"https:\/\/www.xn--anglique-sophrothrapie-d8bo.fr\/index.php\/contact\/\">\n\t\t\t\t\t\t<span class=\"elementor-button-content-wrapper\">\n\t\t\t\t\t\t\t\t\t<span class=\"elementor-button-text\">Me contacter<\/span>\n\t\t\t\t\t<\/span>\n\t\t\t\t\t<\/a>\n\t\t<\/div>\n\t\t\t\t<\/div>\n\t\t\t\t<\/div>\n\t\t\t\t\t<\/div>\n\t\t\t\t<\/div>\n\t\t<div class=\"elementor-element elementor-element-1bd8bd0 e-con-full e-flex e-con e-parent\" data-id=\"1bd8bd0\" data-element_type=\"container\">\n\t\t\t\t<div class=\"elementor-element elementor-element-7749af0 elementor-widget__width-initial elementor-widget elementor-widget-image\" data-id=\"7749af0\" data-element_type=\"widget\" data-widget_type=\"image.default\">\n\t\t\t\t<div class=\"elementor-widget-container\">\n\t\t\t<style>\/*! elementor - v3.23.0 - 05-08-2024 *\/\n.elementor-widget-image{text-align:center}.elementor-widget-image a{display:inline-block}.elementor-widget-image a img[src$=\".svg\"]{width:48px}.elementor-widget-image img{vertical-align:middle;display:inline-block}<\/style>\t\t\t\t\t\t\t\t\t\t<img fetchpriority=\"high\" decoding=\"async\" width=\"1024\" height=\"768\" src=\"https:\/\/www.xn--anglique-sophrothrapie-d8bo.fr\/wp-content\/uploads\/2024\/08\/P1020568-1024x768.jpg\" class=\"attachment-large size-large wp-image-113\" alt=\"\" srcset=\"https:\/\/www.xn--anglique-sophrothrapie-d8bo.fr\/wp-content\/uploads\/2024\/08\/P1020568-1024x768.jpg 1024w, https:\/\/www.xn--anglique-sophrothrapie-d8bo.fr\/wp-content\/uploads\/2024\/08\/P1020568-300x225.jpg 300w, https:\/\/www.xn--anglique-sophrothrapie-d8bo.fr\/wp-content\/uploads\/2024\/08\/P1020568-768x576.jpg 768w, https:\/\/www.xn--anglique-sophrothrapie-d8bo.fr\/wp-content\/uploads\/2024\/08\/P1020568-1536x1152.jpg 1536w, https:\/\/www.xn--anglique-sophrothrapie-d8bo.fr\/wp-content\/uploads\/2024\/08\/P1020568-2048x1536.jpg 2048w\" sizes=\"(max-width: 1024px) 100vw, 1024px\" \/>\t\t\t\t\t\t\t\t\t\t\t\t\t<\/div>\n\t\t\t\t<\/div>\n\t\t\t\t<\/div>\n\t\t\t\t<\/div>\n\t\t","protected":false},"excerpt":{"rendered":"<p>Troubles r\u00e9actionnels, Crises existentielles, Probl\u00e9matiques familiales et conjugales, Sentiments de d\u00e9pendance, Moments de vie difficiles, Angoisses, Stress intensif, Burn out, Difficult\u00e9s parentales, Violences sexuelles, physiques ou morales\u2026. La psychoth\u00e9rapie c\u2019est surtout prendre du temps pour soi, rechercher une \u00e9coute, un accueil et une approche qui va vous permettre de mieux vous comprendre. La th\u00e9rapie pour [&hellip;]<\/p>\n","protected":false},"author":1,"featured_media":0,"parent":0,"menu_order":0,"comment_status":"closed","ping_status":"closed","template":"","meta":{"ocean_post_layout":"","ocean_both_sidebars_style":"","ocean_both_sidebars_content_width":0,"ocean_both_sidebars_sidebars_width":0,"ocean_sidebar":"","ocean_second_sidebar":"","ocean_disable_margins":"enable","ocean_add_body_class":"","ocean_shortcode_before_top_bar":"","ocean_shortcode_after_top_bar":"","ocean_shortcode_before_header":"","ocean_shortcode_after_header":"","ocean_has_shortcode":"","ocean_shortcode_after_title":"","ocean_shortcode_before_footer_widgets":"","ocean_shortcode_after_footer_widgets":"","ocean_shortcode_before_footer_bottom":"","ocean_shortcode_after_footer_bottom":"","ocean_display_top_bar":"default","ocean_display_header":"default","ocean_header_style":"","ocean_center_header_left_menu":"","ocean_custom_header_template":"","ocean_custom_logo":0,"ocean_custom_retina_logo":0,"ocean_custom_logo_max_width":0,"ocean_custom_logo_tablet_max_width":0,"ocean_custom_logo_mobile_max_width":0,"ocean_custom_logo_max_height":0,"ocean_custom_logo_tablet_max_height":0,"ocean_custom_logo_mobile_max_height":0,"ocean_header_custom_menu":"","ocean_menu_typo_font_family":"","ocean_menu_typo_font_subset":"","ocean_menu_typo_font_size":0,"ocean_menu_typo_font_size_tablet":0,"ocean_menu_typo_font_size_mobile":0,"ocean_menu_typo_font_size_unit":"px","ocean_menu_typo_font_weight":"","ocean_menu_typo_font_weight_tablet":"","ocean_menu_typo_font_weight_mobile":"","ocean_menu_typo_transform":"","ocean_menu_typo_transform_tablet":"","ocean_menu_typo_transform_mobile":"","ocean_menu_typo_line_height":0,"ocean_menu_typo_line_height_tablet":0,"ocean_menu_typo_line_height_mobile":0,"ocean_menu_typo_line_height_unit":"","ocean_menu_typo_spacing":0,"ocean_menu_typo_spacing_tablet":0,"ocean_menu_typo_spacing_mobile":0,"ocean_menu_typo_spacing_unit":"","ocean_menu_link_color":"","ocean_menu_link_color_hover":"","ocean_menu_link_color_active":"","ocean_menu_link_background":"","ocean_menu_link_hover_background":"","ocean_menu_link_active_background":"","ocean_menu_social_links_bg":"","ocean_menu_social_hover_links_bg":"","ocean_menu_social_links_color":"","ocean_menu_social_hover_links_color":"","ocean_disable_title":"default","ocean_disable_heading":"default","ocean_post_title":"","ocean_post_subheading":"","ocean_post_title_style":"","ocean_post_title_background_color":"","ocean_post_title_background":0,"ocean_post_title_bg_image_position":"","ocean_post_title_bg_image_attachment":"","ocean_post_title_bg_image_repeat":"","ocean_post_title_bg_image_size":"","ocean_post_title_height":0,"ocean_post_title_bg_overlay":0.5,"ocean_post_title_bg_overlay_color":"","ocean_disable_breadcrumbs":"default","ocean_breadcrumbs_color":"","ocean_breadcrumbs_separator_color":"","ocean_breadcrumbs_links_color":"","ocean_breadcrumbs_links_hover_color":"","ocean_display_footer_widgets":"default","ocean_display_footer_bottom":"default","ocean_custom_footer_template":"","footnotes":""},"class_list":["post-9","page","type-page","status-publish","hentry","entry"],"yoast_head":"<!-- This site is optimized with the Yoast SEO plugin v23.3 - https:\/\/yoast.com\/wordpress\/plugins\/seo\/ -->\n<title>Psychoth\u00e9rapie - ANGELIQUE LABEILLE<\/title>\n<meta name=\"robots\" content=\"index, follow, max-snippet:-1, max-image-preview:large, max-video-preview:-1\" \/>\n<link rel=\"canonical\" href=\"https:\/\/www.xn--anglique-sophrothrapie-d8bo.fr\/index.php\/psychotherapie\/\" \/>\n<meta property=\"og:locale\" content=\"fr_FR\" \/>\n<meta property=\"og:type\" content=\"article\" \/>\n<meta property=\"og:title\" content=\"Psychoth\u00e9rapie - ANGELIQUE LABEILLE\" \/>\n<meta property=\"og:description\" content=\"Troubles r\u00e9actionnels, Crises existentielles, Probl\u00e9matiques familiales et conjugales, Sentiments de d\u00e9pendance, Moments de vie difficiles, Angoisses, Stress intensif, Burn out, Difficult\u00e9s parentales, Violences sexuelles, physiques ou morales\u2026. La psychoth\u00e9rapie c\u2019est surtout prendre du temps pour soi, rechercher une \u00e9coute, un accueil et une approche qui va vous permettre de mieux vous comprendre. La th\u00e9rapie pour [&hellip;]\" \/>\n<meta property=\"og:url\" content=\"https:\/\/www.xn--anglique-sophrothrapie-d8bo.fr\/index.php\/psychotherapie\/\" \/>\n<meta property=\"og:site_name\" content=\"ANGELIQUE LABEILLE\" \/>\n<meta property=\"article:modified_time\" content=\"2024-09-03T14:02:55+00:00\" \/>\n<meta property=\"og:image\" content=\"http:\/\/www.xn--anglique-sophrothrapie-d8bo.fr\/wp-content\/uploads\/2024\/08\/P1020568-1024x768.jpg\" \/>\n<meta name=\"twitter:card\" content=\"summary_large_image\" \/>\n<meta name=\"twitter:label1\" content=\"Dur\u00e9e de lecture estim\u00e9e\" \/>\n\t<meta name=\"twitter:data1\" content=\"3 minutes\" \/>\n<script type=\"application\/ld+json\" class=\"yoast-schema-graph\">{\"@context\":\"https:\/\/schema.org\",\"@graph\":[{\"@type\":\"WebPage\",\"@id\":\"https:\/\/www.xn--anglique-sophrothrapie-d8bo.fr\/index.php\/psychotherapie\/\",\"url\":\"https:\/\/www.xn--anglique-sophrothrapie-d8bo.fr\/index.php\/psychotherapie\/\",\"name\":\"Psychoth\u00e9rapie - ANGELIQUE LABEILLE\",\"isPartOf\":{\"@id\":\"https:\/\/www.xn--anglique-sophrothrapie-d8bo.fr\/#website\"},\"primaryImageOfPage\":{\"@id\":\"https:\/\/www.xn--anglique-sophrothrapie-d8bo.fr\/index.php\/psychotherapie\/#primaryimage\"},\"image\":{\"@id\":\"https:\/\/www.xn--anglique-sophrothrapie-d8bo.fr\/index.php\/psychotherapie\/#primaryimage\"},\"thumbnailUrl\":\"http:\/\/www.xn--anglique-sophrothrapie-d8bo.fr\/wp-content\/uploads\/2024\/08\/P1020568-1024x768.jpg\",\"datePublished\":\"2024-08-23T14:12:38+00:00\",\"dateModified\":\"2024-09-03T14:02:55+00:00\",\"breadcrumb\":{\"@id\":\"https:\/\/www.xn--anglique-sophrothrapie-d8bo.fr\/index.php\/psychotherapie\/#breadcrumb\"},\"inLanguage\":\"fr-FR\",\"potentialAction\":[{\"@type\":\"ReadAction\",\"target\":[\"https:\/\/www.xn--anglique-sophrothrapie-d8bo.fr\/index.php\/psychotherapie\/\"]}]},{\"@type\":\"ImageObject\",\"inLanguage\":\"fr-FR\",\"@id\":\"https:\/\/www.xn--anglique-sophrothrapie-d8bo.fr\/index.php\/psychotherapie\/#primaryimage\",\"url\":\"https:\/\/www.xn--anglique-sophrothrapie-d8bo.fr\/wp-content\/uploads\/2024\/08\/P1020568-scaled.jpg\",\"contentUrl\":\"https:\/\/www.xn--anglique-sophrothrapie-d8bo.fr\/wp-content\/uploads\/2024\/08\/P1020568-scaled.jpg\",\"width\":2560,\"height\":1920},{\"@type\":\"BreadcrumbList\",\"@id\":\"https:\/\/www.xn--anglique-sophrothrapie-d8bo.fr\/index.php\/psychotherapie\/#breadcrumb\",\"itemListElement\":[{\"@type\":\"ListItem\",\"position\":1,\"name\":\"Accueil\",\"item\":\"https:\/\/www.xn--anglique-sophrothrapie-d8bo.fr\/\"},{\"@type\":\"ListItem\",\"position\":2,\"name\":\"Psychoth\u00e9rapie\"}]},{\"@type\":\"WebSite\",\"@id\":\"https:\/\/www.xn--anglique-sophrothrapie-d8bo.fr\/#website\",\"url\":\"https:\/\/www.xn--anglique-sophrothrapie-d8bo.fr\/\",\"name\":\"ANGELIQUE LABEILLE\",\"description\":\"Sophrologie et psychoth\u00e9rapie\",\"publisher\":{\"@id\":\"https:\/\/www.xn--anglique-sophrothrapie-d8bo.fr\/#organization\"},\"potentialAction\":[{\"@type\":\"SearchAction\",\"target\":{\"@type\":\"EntryPoint\",\"urlTemplate\":\"https:\/\/www.xn--anglique-sophrothrapie-d8bo.fr\/?s={search_term_string}\"},\"query-input\":\"required name=search_term_string\"}],\"inLanguage\":\"fr-FR\"},{\"@type\":\"Organization\",\"@id\":\"https:\/\/www.xn--anglique-sophrothrapie-d8bo.fr\/#organization\",\"name\":\"ANGELIQUE LABEILLE\",\"url\":\"https:\/\/www.xn--anglique-sophrothrapie-d8bo.fr\/\",\"logo\":{\"@type\":\"ImageObject\",\"inLanguage\":\"fr-FR\",\"@id\":\"https:\/\/www.xn--anglique-sophrothrapie-d8bo.fr\/#\/schema\/logo\/image\/\",\"url\":\"https:\/\/www.xn--anglique-sophrothrapie-d8bo.fr\/wp-content\/uploads\/2024\/10\/cropped-LOGO-A.LA-ANGELIQUE-LABEILLE.png\",\"contentUrl\":\"https:\/\/www.xn--anglique-sophrothrapie-d8bo.fr\/wp-content\/uploads\/2024\/10\/cropped-LOGO-A.LA-ANGELIQUE-LABEILLE.png\",\"width\":500,\"height\":500,\"caption\":\"ANGELIQUE LABEILLE\"},\"image\":{\"@id\":\"https:\/\/www.xn--anglique-sophrothrapie-d8bo.fr\/#\/schema\/logo\/image\/\"}}]}<\/script>\n<!-- \/ Yoast SEO plugin. -->","yoast_head_json":{"title":"Psychoth\u00e9rapie - ANGELIQUE LABEILLE","robots":{"index":"index","follow":"follow","max-snippet":"max-snippet:-1","max-image-preview":"max-image-preview:large","max-video-preview":"max-video-preview:-1"},"canonical":"https:\/\/www.xn--anglique-sophrothrapie-d8bo.fr\/index.php\/psychotherapie\/","og_locale":"fr_FR","og_type":"article","og_title":"Psychoth\u00e9rapie - ANGELIQUE LABEILLE","og_description":"Troubles r\u00e9actionnels, Crises existentielles, Probl\u00e9matiques familiales et conjugales, Sentiments de d\u00e9pendance, Moments de vie difficiles, Angoisses, Stress intensif, Burn out, Difficult\u00e9s parentales, Violences sexuelles, physiques ou morales\u2026. La psychoth\u00e9rapie c\u2019est surtout prendre du temps pour soi, rechercher une \u00e9coute, un accueil et une approche qui va vous permettre de mieux vous comprendre. La th\u00e9rapie pour [&hellip;]","og_url":"https:\/\/www.xn--anglique-sophrothrapie-d8bo.fr\/index.php\/psychotherapie\/","og_site_name":"ANGELIQUE LABEILLE","article_modified_time":"2024-09-03T14:02:55+00:00","og_image":[{"url":"http:\/\/www.xn--anglique-sophrothrapie-d8bo.fr\/wp-content\/uploads\/2024\/08\/P1020568-1024x768.jpg"}],"twitter_card":"summary_large_image","twitter_misc":{"Dur\u00e9e de lecture estim\u00e9e":"3 minutes"},"schema":{"@context":"https:\/\/schema.org","@graph":[{"@type":"WebPage","@id":"https:\/\/www.xn--anglique-sophrothrapie-d8bo.fr\/index.php\/psychotherapie\/","url":"https:\/\/www.xn--anglique-sophrothrapie-d8bo.fr\/index.php\/psychotherapie\/","name":"Psychoth\u00e9rapie - ANGELIQUE LABEILLE","isPartOf":{"@id":"https:\/\/www.xn--anglique-sophrothrapie-d8bo.fr\/#website"},"primaryImageOfPage":{"@id":"https:\/\/www.xn--anglique-sophrothrapie-d8bo.fr\/index.php\/psychotherapie\/#primaryimage"},"image":{"@id":"https:\/\/www.xn--anglique-sophrothrapie-d8bo.fr\/index.php\/psychotherapie\/#primaryimage"},"thumbnailUrl":"http:\/\/www.xn--anglique-sophrothrapie-d8bo.fr\/wp-content\/uploads\/2024\/08\/P1020568-1024x768.jpg","datePublished":"2024-08-23T14:12:38+00:00","dateModified":"2024-09-03T14:02:55+00:00","breadcrumb":{"@id":"https:\/\/www.xn--anglique-sophrothrapie-d8bo.fr\/index.php\/psychotherapie\/#breadcrumb"},"inLanguage":"fr-FR","potentialAction":[{"@type":"ReadAction","target":["https:\/\/www.xn--anglique-sophrothrapie-d8bo.fr\/index.php\/psychotherapie\/"]}]},{"@type":"ImageObject","inLanguage":"fr-FR","@id":"https:\/\/www.xn--anglique-sophrothrapie-d8bo.fr\/index.php\/psychotherapie\/#primaryimage","url":"https:\/\/www.xn--anglique-sophrothrapie-d8bo.fr\/wp-content\/uploads\/2024\/08\/P1020568-scaled.jpg","contentUrl":"https:\/\/www.xn--anglique-sophrothrapie-d8bo.fr\/wp-content\/uploads\/2024\/08\/P1020568-scaled.jpg","width":2560,"height":1920},{"@type":"BreadcrumbList","@id":"https:\/\/www.xn--anglique-sophrothrapie-d8bo.fr\/index.php\/psychotherapie\/#breadcrumb","itemListElement":[{"@type":"ListItem","position":1,"name":"Accueil","item":"https:\/\/www.xn--anglique-sophrothrapie-d8bo.fr\/"},{"@type":"ListItem","position":2,"name":"Psychoth\u00e9rapie"}]},{"@type":"WebSite","@id":"https:\/\/www.xn--anglique-sophrothrapie-d8bo.fr\/#website","url":"https:\/\/www.xn--anglique-sophrothrapie-d8bo.fr\/","name":"ANGELIQUE LABEILLE","description":"Sophrologie et psychoth\u00e9rapie","publisher":{"@id":"https:\/\/www.xn--anglique-sophrothrapie-d8bo.fr\/#organization"},"potentialAction":[{"@type":"SearchAction","target":{"@type":"EntryPoint","urlTemplate":"https:\/\/www.xn--anglique-sophrothrapie-d8bo.fr\/?s={search_term_string}"},"query-input":"required name=search_term_string"}],"inLanguage":"fr-FR"},{"@type":"Organization","@id":"https:\/\/www.xn--anglique-sophrothrapie-d8bo.fr\/#organization","name":"ANGELIQUE LABEILLE","url":"https:\/\/www.xn--anglique-sophrothrapie-d8bo.fr\/","logo":{"@type":"ImageObject","inLanguage":"fr-FR","@id":"https:\/\/www.xn--anglique-sophrothrapie-d8bo.fr\/#\/schema\/logo\/image\/","url":"https:\/\/www.xn--anglique-sophrothrapie-d8bo.fr\/wp-content\/uploads\/2024\/10\/cropped-LOGO-A.LA-ANGELIQUE-LABEILLE.png","contentUrl":"https:\/\/www.xn--anglique-sophrothrapie-d8bo.fr\/wp-content\/uploads\/2024\/10\/cropped-LOGO-A.LA-ANGELIQUE-LABEILLE.png","width":500,"height":500,"caption":"ANGELIQUE LABEILLE"},"image":{"@id":"https:\/\/www.xn--anglique-sophrothrapie-d8bo.fr\/#\/schema\/logo\/image\/"}}]}},"_links":{"self":[{"href":"https:\/\/www.xn--anglique-sophrothrapie-d8bo.fr\/index.php\/wp-json\/wp\/v2\/pages\/9","targetHints":{"allow":["GET"]}}],"collection":[{"href":"https:\/\/www.xn--anglique-sophrothrapie-d8bo.fr\/index.php\/wp-json\/wp\/v2\/pages"}],"about":[{"href":"https:\/\/www.xn--anglique-sophrothrapie-d8bo.fr\/index.php\/wp-json\/wp\/v2\/types\/page"}],"author":[{"embeddable":true,"href":"https:\/\/www.xn--anglique-sophrothrapie-d8bo.fr\/index.php\/wp-json\/wp\/v2\/users\/1"}],"replies":[{"embeddable":true,"href":"https:\/\/www.xn--anglique-sophrothrapie-d8bo.fr\/index.php\/wp-json\/wp\/v2\/comments?post=9"}],"version-history":[{"count":40,"href":"https:\/\/www.xn--anglique-sophrothrapie-d8bo.fr\/index.php\/wp-json\/wp\/v2\/pages\/9\/revisions"}],"predecessor-version":[{"id":539,"href":"https:\/\/www.xn--anglique-sophrothrapie-d8bo.fr\/index.php\/wp-json\/wp\/v2\/pages\/9\/revisions\/539"}],"wp:attachment":[{"href":"https:\/\/www.xn--anglique-sophrothrapie-d8bo.fr\/index.php\/wp-json\/wp\/v2\/media?parent=9"}],"curies":[{"name":"wp","href":"https:\/\/api.w.org\/{rel}","templated":true}]}}